{"id":1131,"date":"2022-06-02T22:45:07","date_gmt":"2022-06-02T19:45:07","guid":{"rendered":"https:\/\/www.ad-hukuk.com\/?page_id=1131"},"modified":"2022-07-04T21:19:02","modified_gmt":"2022-07-04T18:19:02","slug":"spor-hukuku","status":"publish","type":"page","link":"https:\/\/www.ad-hukuk.com\/?page_id=1131","title":{"rendered":"SPOR HUKUKU"},"content":{"rendered":"<p>[vc_row css=&#8221;.vc_custom_1656024446992{padding-top: 32px !important;background-image: url(https:\/\/www.ad-hukuk.com\/wp-content\/uploads\/2022\/06\/DS7_0851-Edit-3-scaled.jpg?id=1395) !important;background-position: center !important;background-repeat: no-repeat !important;background-size: cover !important;}&#8221;][vc_column width=&#8221;1\/3&#8243;][vc_column_text css=&#8221;.vc_custom_1656059827788{padding-top: 32px !important;padding-bottom: 32px !important;background-image: url(https:\/\/www.ad-hukuk.com\/wp-content\/uploads\/2022\/06\/Yeni-Proje-20.jpg?id=1375) !important;}&#8221;]<\/p>\n<h3 style=\"text-align: center;\"><span style=\"color: #ffffff;\">Faaliyet Alanlar\u0131<\/span><\/h3>\n<p>[\/vc_column_text][\/vc_column][vc_column width=&#8221;1\/3&#8243;][\/vc_column][vc_column width=&#8221;1\/3&#8243;][\/vc_column][\/vc_row][vc_row full_width=&#8221;stretch_row&#8221; full_height=&#8221;yes&#8221; columns_placement=&#8221;top&#8221;][vc_column][vc_empty_space][vc_column_text]<\/p>\n<h1><span style=\"color: #525252;\">Spor Hukuku<\/span><\/h1>\n<p>AD Legal olarak spor kul\u00fcpleri, federasyonlar ve federasyon birlikleri aras\u0131nda do\u011fan, \u00f6ncelikle mali uyu\u015fmazl\u0131klar ve disiplin uyu\u015fmazl\u0131klar\u0131 olmak \u00fczere t\u00fcm hukuki uyu\u015fmazl\u0131klar\u0131n \u00e7\u00f6z\u00fcm\u00fcnde taraflar\u0131, ulusal ve uluslararas\u0131 sportif yarg\u0131 mercileri nezdinde temsil etmekteyiz.[\/vc_column_text][\/vc_column][\/vc_row][vc_row full_width=&#8221;stretch_row_content_no_spaces&#8221;][vc_column][vc_empty_space][vc_separator][vc_empty_space height=&#8221;2px&#8221;][\/vc_column][\/vc_row]<\/p>\n","protected":false},"excerpt":{"rendered":"<p>[vc_row css=&#8221;.vc_custom_1656024446992{padding-top: 32px !important;background-image: url(https:\/\/www.ad-hukuk.com\/wp-content\/uploads\/2022\/06\/DS7_0851-Edit-3-scaled.jpg?id=1395) !important;background-position: center !important;background-repeat: no-repeat !important;background-size: cover !important;}&#8221;][vc_column width=&#8221;1\/3&#8243;][vc_column_text css=&#8221;.vc_custom_1656059827788{padding-top: 32px !important;padding-bottom: 32px !important;background-image: url(https:\/\/www.ad-hukuk.com\/wp-content\/uploads\/2022\/06\/Yeni-Proje-20.jpg?id=1375) !important;}&#8221;] Faaliyet Alanlar\u0131 [\/vc_column_text][\/vc_column][vc_column width=&#8221;1\/3&#8243;][\/vc_column][vc_column width=&#8221;1\/3&#8243;][\/vc_column][\/vc_row][vc_row full_width=&#8221;stretch_row&#8221; full_height=&#8221;yes&#8221; columns_placement=&#8221;top&#8221;][vc_column][vc_empty_space][vc_column_text] Spor Hukuku AD Legal olarak spor kul\u00fcpleri, federasyonlar ve federasyon birlikleri aras\u0131nda&#8230;<\/p>\n","protected":false},"author":1,"featured_media":0,"parent":0,"menu_order":0,"comment_status":"closed","ping_status":"closed","template":"","meta":{"footnotes":""},"class_list":["post-1131","page","type-page","status-publish","hentry"],"_links":{"self":[{"href":"https:\/\/www.ad-hukuk.com\/index.php?rest_route=\/wp\/v2\/pages\/1131","targetHints":{"allow":["GET"]}}],"collection":[{"href":"https:\/\/www.ad-hukuk.com\/index.php?rest_route=\/wp\/v2\/pages"}],"about":[{"href":"https:\/\/www.ad-hukuk.com\/index.php?rest_route=\/wp\/v2\/types\/page"}],"author":[{"embeddable":true,"href":"https:\/\/www.ad-hukuk.com\/index.php?rest_route=\/wp\/v2\/users\/1"}],"replies":[{"embeddable":true,"href":"https:\/\/www.ad-hukuk.com\/index.php?rest_route=%2Fwp%2Fv2%2Fcomments&post=1131"}],"version-history":[{"count":7,"href":"https:\/\/www.ad-hukuk.com\/index.php?rest_route=\/wp\/v2\/pages\/1131\/revisions"}],"predecessor-version":[{"id":1571,"href":"https:\/\/www.ad-hukuk.com\/index.php?rest_route=\/wp\/v2\/pages\/1131\/revisions\/1571"}],"wp:attachment":[{"href":"https:\/\/www.ad-hukuk.com\/index.php?rest_route=%2Fwp%2Fv2%2Fmedia&parent=1131"}],"curies":[{"name":"wp","href":"https:\/\/api.w.org\/{rel}","templated":true}]}}