{"id":1478,"date":"2022-06-30T20:27:47","date_gmt":"2022-06-30T17:27:47","guid":{"rendered":"https:\/\/www.ad-hukuk.com\/?page_id=1478"},"modified":"2022-06-30T20:31:29","modified_gmt":"2022-06-30T17:31:29","slug":"miras-hukuku","status":"publish","type":"page","link":"https:\/\/www.ad-hukuk.com\/?page_id=1478","title":{"rendered":"M\u0130RAS HUKUKU"},"content":{"rendered":"<p>[vc_row css=&#8221;.vc_custom_1656024446992{padding-top: 32px !important;background-image: url(https:\/\/www.ad-hukuk.com\/wp-content\/uploads\/2022\/06\/DS7_0851-Edit-3-scaled.jpg?id=1395) !important;background-position: center !important;background-repeat: no-repeat !important;background-size: cover !important;}&#8221;][vc_column width=&#8221;1\/3&#8243;][vc_column_text css=&#8221;.vc_custom_1656059827788{padding-top: 32px !important;padding-bottom: 32px !important;background-image: url(https:\/\/www.ad-hukuk.com\/wp-content\/uploads\/2022\/06\/Yeni-Proje-20.jpg?id=1375) !important;}&#8221;]<\/p>\n<h3 style=\"text-align: center;\"><span style=\"color: #ffffff;\">Faaliyet Alanlar\u0131<\/span><\/h3>\n<p>[\/vc_column_text][\/vc_column][vc_column width=&#8221;1\/3&#8243;][\/vc_column][vc_column width=&#8221;1\/3&#8243;][\/vc_column][\/vc_row][vc_row full_width=&#8221;stretch_row&#8221; full_height=&#8221;yes&#8221; columns_placement=&#8221;top&#8221;][vc_column][vc_empty_space][vc_column_text]<\/p>\n<h1><span style=\"color: #525252;\">Miras Hukuku<\/span><\/h1>\n<p>Miras Hukukuna ili\u015fkin dava takip hizmeti veren AD Legal, bu alandaki bilgi ve tecr\u00fcbesiyle \u00f6l\u00fcme ba\u011fl\u0131 tasarruflar\u0131n haz\u0131rlanmas\u0131ndan miras\u0131n ge\u00e7mesine kadar her a\u015famaya ili\u015fkin hukuki dan\u0131\u015fmanl\u0131k hizmeti de vermektedir.[\/vc_column_text][\/vc_column][\/vc_row][vc_row full_width=&#8221;stretch_row_content_no_spaces&#8221;][vc_column][vc_empty_space][vc_separator][vc_empty_space height=&#8221;2px&#8221;][\/vc_column][\/vc_row]<\/p>\n","protected":false},"excerpt":{"rendered":"<p>[vc_row css=&#8221;.vc_custom_1656024446992{padding-top: 32px !important;background-image: url(https:\/\/www.ad-hukuk.com\/wp-content\/uploads\/2022\/06\/DS7_0851-Edit-3-scaled.jpg?id=1395) !important;background-position: center !important;background-repeat: no-repeat !important;background-size: cover !important;}&#8221;][vc_column width=&#8221;1\/3&#8243;][vc_column_text css=&#8221;.vc_custom_1656059827788{padding-top: 32px !important;padding-bottom: 32px !important;background-image: url(https:\/\/www.ad-hukuk.com\/wp-content\/uploads\/2022\/06\/Yeni-Proje-20.jpg?id=1375) !important;}&#8221;] Faaliyet Alanlar\u0131 [\/vc_column_text][\/vc_column][vc_column width=&#8221;1\/3&#8243;][\/vc_column][vc_column width=&#8221;1\/3&#8243;][\/vc_column][\/vc_row][vc_row full_width=&#8221;stretch_row&#8221; full_height=&#8221;yes&#8221; columns_placement=&#8221;top&#8221;][vc_column][vc_empty_space][vc_column_text] Miras Hukuku Miras Hukukuna ili\u015fkin dava takip hizmeti veren AD Legal, bu&#8230;<\/p>\n","protected":false},"author":1,"featured_media":0,"parent":0,"menu_order":0,"comment_status":"closed","ping_status":"closed","template":"","meta":{"footnotes":""},"class_list":["post-1478","page","type-page","status-publish","hentry"],"_links":{"self":[{"href":"https:\/\/www.ad-hukuk.com\/index.php?rest_route=\/wp\/v2\/pages\/1478","targetHints":{"allow":["GET"]}}],"collection":[{"href":"https:\/\/www.ad-hukuk.com\/index.php?rest_route=\/wp\/v2\/pages"}],"about":[{"href":"https:\/\/www.ad-hukuk.com\/index.php?rest_route=\/wp\/v2\/types\/page"}],"author":[{"embeddable":true,"href":"https:\/\/www.ad-hukuk.com\/index.php?rest_route=\/wp\/v2\/users\/1"}],"replies":[{"embeddable":true,"href":"https:\/\/www.ad-hukuk.com\/index.php?rest_route=%2Fwp%2Fv2%2Fcomments&post=1478"}],"version-history":[{"count":3,"href":"https:\/\/www.ad-hukuk.com\/index.php?rest_route=\/wp\/v2\/pages\/1478\/revisions"}],"predecessor-version":[{"id":1490,"href":"https:\/\/www.ad-hukuk.com\/index.php?rest_route=\/wp\/v2\/pages\/1478\/revisions\/1490"}],"wp:attachment":[{"href":"https:\/\/www.ad-hukuk.com\/index.php?rest_route=%2Fwp%2Fv2%2Fmedia&parent=1478"}],"curies":[{"name":"wp","href":"https:\/\/api.w.org\/{rel}","templated":true}]}}