{"id":833,"date":"2022-02-26T15:39:42","date_gmt":"2022-02-26T12:39:42","guid":{"rendered":"https:\/\/www.ad-hukuk.com\/?page_id=833"},"modified":"2022-06-30T20:45:04","modified_gmt":"2022-06-30T17:45:04","slug":"sirketler-ticaret-hukuku","status":"publish","type":"page","link":"https:\/\/www.ad-hukuk.com\/?page_id=833","title":{"rendered":"\u015e\u0130RKETLER&#038;T\u0130CARET HUKUKU"},"content":{"rendered":"<p>[vc_row css=&#8221;.vc_custom_1656024446992{padding-top: 32px !important;background-image: url(https:\/\/www.ad-hukuk.com\/wp-content\/uploads\/2022\/06\/DS7_0851-Edit-3-scaled.jpg?id=1395) !important;background-position: center !important;background-repeat: no-repeat !important;background-size: cover !important;}&#8221;][vc_column width=&#8221;1\/3&#8243;][vc_column_text css=&#8221;.vc_custom_1656059827788{padding-top: 32px !important;padding-bottom: 32px !important;background-image: url(https:\/\/www.ad-hukuk.com\/wp-content\/uploads\/2022\/06\/Yeni-Proje-20.jpg?id=1375) !important;}&#8221;]<\/p>\n<h3 style=\"text-align: center;\"><span style=\"color: #ffffff;\">Faaliyet Alanlar\u0131<\/span><\/h3>\n<p>[\/vc_column_text][\/vc_column][vc_column width=&#8221;1\/3&#8243;][\/vc_column][vc_column width=&#8221;1\/3&#8243;][\/vc_column][\/vc_row][vc_row full_width=&#8221;stretch_row&#8221; full_height=&#8221;yes&#8221; columns_placement=&#8221;top&#8221;][vc_column][vc_empty_space][vc_column_text]<\/p>\n<h1>\u015eirketler&amp;Ticaret Hukuku<\/h1>\n<p>AD Legal m\u00fcvekkillerinin ihtiya\u00e7lar\u0131 do\u011frultusunda \u015fah\u0131s ve sermaye \u015firketlerinin kurulu\u015f a\u015famas\u0131ndan tasfiye a\u015famas\u0131na kadar t\u00fcm s\u00fcre\u00e7lerde \u00e7\u00f6z\u00fcm odakl\u0131 \u00e7al\u0131\u015f\u0131larak uyu\u015fmazl\u0131k \u00f6ncesi ve sonras\u0131 a\u015famalarda hizmet vermektedir. Bu do\u011frultuda \u015firketlerin kurulu\u015f a\u015famas\u0131nda esas s\u00f6zle\u015fmelerin haz\u0131rlanmas\u0131ndan itibaren, \u015firketin organ yap\u0131s\u0131 ve temsili; t\u00fcm bu i\u015flemlere ili\u015fkin tescil i\u015flemlerinin ger\u00e7ekle\u015ftirilmesi ile gerekli her t\u00fcrl\u00fc evrak\u0131n haz\u0131rlanmas\u0131nda m\u00fcvekkil \u015firketlerin istekleri do\u011frultusunda hukuki destek verilmektedir.[\/vc_column_text][\/vc_column][\/vc_row][vc_row full_width=&#8221;stretch_row_content_no_spaces&#8221;][vc_column][vc_empty_space][vc_separator][vc_empty_space height=&#8221;2px&#8221;][\/vc_column][\/vc_row]<\/p>\n","protected":false},"excerpt":{"rendered":"<p>[vc_row css=&#8221;.vc_custom_1656024446992{padding-top: 32px !important;background-image: url(https:\/\/www.ad-hukuk.com\/wp-content\/uploads\/2022\/06\/DS7_0851-Edit-3-scaled.jpg?id=1395) !important;background-position: center !important;background-repeat: no-repeat !important;background-size: cover !important;}&#8221;][vc_column width=&#8221;1\/3&#8243;][vc_column_text css=&#8221;.vc_custom_1656059827788{padding-top: 32px !important;padding-bottom: 32px !important;background-image: url(https:\/\/www.ad-hukuk.com\/wp-content\/uploads\/2022\/06\/Yeni-Proje-20.jpg?id=1375) !important;}&#8221;] Faaliyet Alanlar\u0131 [\/vc_column_text][\/vc_column][vc_column width=&#8221;1\/3&#8243;][\/vc_column][vc_column width=&#8221;1\/3&#8243;][\/vc_column][\/vc_row][vc_row full_width=&#8221;stretch_row&#8221; full_height=&#8221;yes&#8221; columns_placement=&#8221;top&#8221;][vc_column][vc_empty_space][vc_column_text] \u015eirketler&amp;Ticaret Hukuku AD Legal m\u00fcvekkillerinin ihtiya\u00e7lar\u0131 do\u011frultusunda \u015fah\u0131s ve sermaye \u015firketlerinin kurulu\u015f&#8230;<\/p>\n","protected":false},"author":1,"featured_media":0,"parent":0,"menu_order":0,"comment_status":"closed","ping_status":"closed","template":"","meta":{"footnotes":""},"class_list":["post-833","page","type-page","status-publish","hentry"],"_links":{"self":[{"href":"https:\/\/www.ad-hukuk.com\/index.php?rest_route=\/wp\/v2\/pages\/833","targetHints":{"allow":["GET"]}}],"collection":[{"href":"https:\/\/www.ad-hukuk.com\/index.php?rest_route=\/wp\/v2\/pages"}],"about":[{"href":"https:\/\/www.ad-hukuk.com\/index.php?rest_route=\/wp\/v2\/types\/page"}],"author":[{"embeddable":true,"href":"https:\/\/www.ad-hukuk.com\/index.php?rest_route=\/wp\/v2\/users\/1"}],"replies":[{"embeddable":true,"href":"https:\/\/www.ad-hukuk.com\/index.php?rest_route=%2Fwp%2Fv2%2Fcomments&post=833"}],"version-history":[{"count":10,"href":"https:\/\/www.ad-hukuk.com\/index.php?rest_route=\/wp\/v2\/pages\/833\/revisions"}],"predecessor-version":[{"id":1508,"href":"https:\/\/www.ad-hukuk.com\/index.php?rest_route=\/wp\/v2\/pages\/833\/revisions\/1508"}],"wp:attachment":[{"href":"https:\/\/www.ad-hukuk.com\/index.php?rest_route=%2Fwp%2Fv2%2Fmedia&parent=833"}],"curies":[{"name":"wp","href":"https:\/\/api.w.org\/{rel}","templated":true}]}}