{"id":841,"date":"2022-02-26T15:39:42","date_gmt":"2022-02-26T12:39:42","guid":{"rendered":"https:\/\/www.ad-hukuk.com\/?page_id=841"},"modified":"2022-07-04T21:17:46","modified_gmt":"2022-07-04T18:17:46","slug":"tuketici-hukuku","status":"publish","type":"page","link":"https:\/\/www.ad-hukuk.com\/?page_id=841","title":{"rendered":"T\u00dcKET\u0130C\u0130 HUKUKU"},"content":{"rendered":"<p>[vc_row css=&#8221;.vc_custom_1656024446992{padding-top: 32px !important;background-image: url(https:\/\/www.ad-hukuk.com\/wp-content\/uploads\/2022\/06\/DS7_0851-Edit-3-scaled.jpg?id=1395) !important;background-position: center !important;background-repeat: no-repeat !important;background-size: cover !important;}&#8221;][vc_column width=&#8221;1\/3&#8243;][vc_column_text css=&#8221;.vc_custom_1656059827788{padding-top: 32px !important;padding-bottom: 32px !important;background-image: url(https:\/\/www.ad-hukuk.com\/wp-content\/uploads\/2022\/06\/Yeni-Proje-20.jpg?id=1375) !important;}&#8221;]<\/p>\n<h3 style=\"text-align: center;\"><span style=\"color: #ffffff;\">Faaliyet Alanlar\u0131<\/span><\/h3>\n<p>[\/vc_column_text][\/vc_column][vc_column width=&#8221;1\/3&#8243;][\/vc_column][vc_column width=&#8221;1\/3&#8243;][\/vc_column][\/vc_row][vc_row full_width=&#8221;stretch_row&#8221; full_height=&#8221;yes&#8221; columns_placement=&#8221;top&#8221;][vc_column][vc_empty_space][vc_column_text]<\/p>\n<h1><span style=\"color: #525252;\">T\u00fcketici Hukuku<\/span><\/h1>\n<p>AD Legal, T\u00fcketicinin Korunmas\u0131 Hakk\u0131nda Kanun, T\u00fcrk Bor\u00e7lar Kanunu, T\u00fcrk Ticaret Kanunu ve ilgili y\u00f6netmelikler kapsam\u0131nda bulunan konular hakk\u0131nda uyu\u015fmazl\u0131k \u00f6ncesi hukuki dan\u0131\u015fmanl\u0131k hizmeti yan\u0131nda ihtilafl\u0131 hususlar\u0131n yarg\u0131 yoluyla \u00e7\u00f6z\u00fcm\u00fcnde hizmet vermektedir. Bu kapsamda t\u00fcketici hukuku alan\u0131nda t\u00fcm mevzuat\u0131n g\u00fcncelli\u011fi takip edilerek hem \u00fcretici, sat\u0131c\u0131 olan m\u00fcvekkillerin hem de t\u00fcketici m\u00fcvekkillerin sorunlar\u0131na ili\u015fkin hukuki \u00e7\u00f6z\u00fcm yollar\u0131 \u00fcretilmesi, sat\u0131c\u0131 ile al\u0131c\u0131 aras\u0131nda yap\u0131lan sulh g\u00f6r\u00fc\u015fmelerinin protokole ba\u011flanmas\u0131, ay\u0131pl\u0131 mal ya da ay\u0131pl\u0131 hizmetten kaynaklanan uyu\u015fmazl\u0131klar\u0131n \u00e7\u00f6z\u00fcm\u00fc, T\u00fcketici Hakem Heyeti ve T\u00fcketici Mahkemelerinde g\u00f6r\u00fclen uyu\u015fmazl\u0131klar\u0131n takibi alanlar\u0131nda m\u00fcvekkillere hizmet sunmaktad\u0131r.[\/vc_column_text][\/vc_column][\/vc_row][vc_row full_width=&#8221;stretch_row_content_no_spaces&#8221;][vc_column][vc_empty_space][vc_separator][vc_empty_space height=&#8221;2px&#8221;][\/vc_column][\/vc_row]<\/p>\n","protected":false},"excerpt":{"rendered":"<p>[vc_row css=&#8221;.vc_custom_1656024446992{padding-top: 32px !important;background-image: url(https:\/\/www.ad-hukuk.com\/wp-content\/uploads\/2022\/06\/DS7_0851-Edit-3-scaled.jpg?id=1395) !important;background-position: center !important;background-repeat: no-repeat !important;background-size: cover !important;}&#8221;][vc_column width=&#8221;1\/3&#8243;][vc_column_text css=&#8221;.vc_custom_1656059827788{padding-top: 32px !important;padding-bottom: 32px !important;background-image: url(https:\/\/www.ad-hukuk.com\/wp-content\/uploads\/2022\/06\/Yeni-Proje-20.jpg?id=1375) !important;}&#8221;] Faaliyet Alanlar\u0131 [\/vc_column_text][\/vc_column][vc_column width=&#8221;1\/3&#8243;][\/vc_column][vc_column width=&#8221;1\/3&#8243;][\/vc_column][\/vc_row][vc_row full_width=&#8221;stretch_row&#8221; full_height=&#8221;yes&#8221; columns_placement=&#8221;top&#8221;][vc_column][vc_empty_space][vc_column_text] T\u00fcketici Hukuku AD Legal, T\u00fcketicinin Korunmas\u0131 Hakk\u0131nda Kanun, T\u00fcrk Bor\u00e7lar Kanunu, T\u00fcrk&#8230;<\/p>\n","protected":false},"author":1,"featured_media":0,"parent":0,"menu_order":0,"comment_status":"closed","ping_status":"closed","template":"","meta":{"footnotes":""},"class_list":["post-841","page","type-page","status-publish","hentry"],"_links":{"self":[{"href":"https:\/\/www.ad-hukuk.com\/index.php?rest_route=\/wp\/v2\/pages\/841","targetHints":{"allow":["GET"]}}],"collection":[{"href":"https:\/\/www.ad-hukuk.com\/index.php?rest_route=\/wp\/v2\/pages"}],"about":[{"href":"https:\/\/www.ad-hukuk.com\/index.php?rest_route=\/wp\/v2\/types\/page"}],"author":[{"embeddable":true,"href":"https:\/\/www.ad-hukuk.com\/index.php?rest_route=\/wp\/v2\/users\/1"}],"replies":[{"embeddable":true,"href":"https:\/\/www.ad-hukuk.com\/index.php?rest_route=%2Fwp%2Fv2%2Fcomments&post=841"}],"version-history":[{"count":8,"href":"https:\/\/www.ad-hukuk.com\/index.php?rest_route=\/wp\/v2\/pages\/841\/revisions"}],"predecessor-version":[{"id":1569,"href":"https:\/\/www.ad-hukuk.com\/index.php?rest_route=\/wp\/v2\/pages\/841\/revisions\/1569"}],"wp:attachment":[{"href":"https:\/\/www.ad-hukuk.com\/index.php?rest_route=%2Fwp%2Fv2%2Fmedia&parent=841"}],"curies":[{"name":"wp","href":"https:\/\/api.w.org\/{rel}","templated":true}]}}