{"id":844,"date":"2022-02-26T15:39:43","date_gmt":"2022-02-26T12:39:43","guid":{"rendered":"https:\/\/www.ad-hukuk.com\/?page_id=844"},"modified":"2022-07-04T21:19:29","modified_gmt":"2022-07-04T18:19:29","slug":"ceza-hukuku","status":"publish","type":"page","link":"https:\/\/www.ad-hukuk.com\/?page_id=844","title":{"rendered":"CEZA HUKUKU"},"content":{"rendered":"<p>[vc_row css=&#8221;.vc_custom_1656024446992{padding-top: 32px !important;background-image: url(https:\/\/www.ad-hukuk.com\/wp-content\/uploads\/2022\/06\/DS7_0851-Edit-3-scaled.jpg?id=1395) !important;background-position: center !important;background-repeat: no-repeat !important;background-size: cover !important;}&#8221;][vc_column width=&#8221;1\/3&#8243;][vc_column_text css=&#8221;.vc_custom_1656059827788{padding-top: 32px !important;padding-bottom: 32px !important;background-image: url(https:\/\/www.ad-hukuk.com\/wp-content\/uploads\/2022\/06\/Yeni-Proje-20.jpg?id=1375) !important;}&#8221;]<\/p>\n<h3 style=\"text-align: center;\"><span style=\"color: #ffffff;\">Faaliyet Alanlar\u0131<\/span><\/h3>\n<p>[\/vc_column_text][\/vc_column][vc_column width=&#8221;1\/3&#8243;][\/vc_column][vc_column width=&#8221;1\/3&#8243;][\/vc_column][\/vc_row][vc_row full_width=&#8221;stretch_row&#8221; full_height=&#8221;yes&#8221; columns_placement=&#8221;top&#8221;][vc_column][vc_empty_space][vc_column_text]<\/p>\n<h1><span style=\"color: #525252;\">Ceza Hukuku<\/span><\/h1>\n<p>\u015eikayet\u00e7i, su\u00e7 duyurunda bulunma gibi ceza soru\u015fturmas\u0131 ba\u015flat\u0131lmas\u0131 veya halihaz\u0131rda derdest davalarda m\u00fc\u015fteki, kat\u0131lan vekili veya \u015f\u00fcpheli, san\u0131k m\u00fcdafi olarak AD Legal olarak her t\u00fcrl\u00fc hukuki deste\u011fi sa\u011flamaktay\u0131z.[\/vc_column_text][\/vc_column][\/vc_row][vc_row full_width=&#8221;stretch_row_content_no_spaces&#8221;][vc_column][vc_empty_space][vc_separator][vc_empty_space height=&#8221;2px&#8221;][\/vc_column][\/vc_row]<\/p>\n","protected":false},"excerpt":{"rendered":"<p>[vc_row css=&#8221;.vc_custom_1656024446992{padding-top: 32px !important;background-image: url(https:\/\/www.ad-hukuk.com\/wp-content\/uploads\/2022\/06\/DS7_0851-Edit-3-scaled.jpg?id=1395) !important;background-position: center !important;background-repeat: no-repeat !important;background-size: cover !important;}&#8221;][vc_column width=&#8221;1\/3&#8243;][vc_column_text css=&#8221;.vc_custom_1656059827788{padding-top: 32px !important;padding-bottom: 32px !important;background-image: url(https:\/\/www.ad-hukuk.com\/wp-content\/uploads\/2022\/06\/Yeni-Proje-20.jpg?id=1375) !important;}&#8221;] Faaliyet Alanlar\u0131 [\/vc_column_text][\/vc_column][vc_column width=&#8221;1\/3&#8243;][\/vc_column][vc_column width=&#8221;1\/3&#8243;][\/vc_column][\/vc_row][vc_row full_width=&#8221;stretch_row&#8221; full_height=&#8221;yes&#8221; columns_placement=&#8221;top&#8221;][vc_column][vc_empty_space][vc_column_text] Ceza Hukuku \u015eikayet\u00e7i, su\u00e7 duyurunda bulunma gibi ceza soru\u015fturmas\u0131 ba\u015flat\u0131lmas\u0131 veya halihaz\u0131rda&#8230;<\/p>\n","protected":false},"author":1,"featured_media":0,"parent":0,"menu_order":0,"comment_status":"closed","ping_status":"closed","template":"","meta":{"footnotes":""},"class_list":["post-844","page","type-page","status-publish","hentry"],"_links":{"self":[{"href":"https:\/\/www.ad-hukuk.com\/index.php?rest_route=\/wp\/v2\/pages\/844","targetHints":{"allow":["GET"]}}],"collection":[{"href":"https:\/\/www.ad-hukuk.com\/index.php?rest_route=\/wp\/v2\/pages"}],"about":[{"href":"https:\/\/www.ad-hukuk.com\/index.php?rest_route=\/wp\/v2\/types\/page"}],"author":[{"embeddable":true,"href":"https:\/\/www.ad-hukuk.com\/index.php?rest_route=\/wp\/v2\/users\/1"}],"replies":[{"embeddable":true,"href":"https:\/\/www.ad-hukuk.com\/index.php?rest_route=%2Fwp%2Fv2%2Fcomments&post=844"}],"version-history":[{"count":9,"href":"https:\/\/www.ad-hukuk.com\/index.php?rest_route=\/wp\/v2\/pages\/844\/revisions"}],"predecessor-version":[{"id":1573,"href":"https:\/\/www.ad-hukuk.com\/index.php?rest_route=\/wp\/v2\/pages\/844\/revisions\/1573"}],"wp:attachment":[{"href":"https:\/\/www.ad-hukuk.com\/index.php?rest_route=%2Fwp%2Fv2%2Fmedia&parent=844"}],"curies":[{"name":"wp","href":"https:\/\/api.w.org\/{rel}","templated":true}]}}